{"id":31894,"date":"2019-08-15T12:51:07","date_gmt":"2019-08-15T10:51:07","guid":{"rendered":"https:\/\/www.ogeborg.se\/designsamarbeten\/"},"modified":"2025-05-05T15:19:30","modified_gmt":"2025-05-05T13:19:30","slug":"design-collaborations","status":"publish","type":"page","link":"https:\/\/www.ogeborg.se\/en\/design-collaborations\/","title":{"rendered":"Design Collaborations"},"content":{"rendered":"<p>Vi har under \u00e5ren samarbetat med flera framst\u00e5ende formgivare och arkitekter, som Claesson Koivisto Rune, Note Design Studio, Axel Bjurstr\u00f6m, Luca Nichetto, Mia Wahlstein samt Sundling Kick\u00e9n med flera.<\/p>\n","protected":false},"excerpt":{"rendered":"<p>Vi har under \u00e5ren samarbetat med flera framst\u00e5ende formgivare och arkitekter, som Claesson Koivisto Rune, Note Design Studio, Axel Bjurstr\u00f6m, Luca Nichetto, Mia Wahlstein samt Sundling Kick\u00e9n med flera.<\/p>\n","protected":false},"author":10,"featured_media":0,"parent":0,"menu_order":0,"comment_status":"closed","ping_status":"closed","template":"page-builder.php","meta":{"_acf_changed":false},"class_list":["post-31894","page","type-page","status-publish","hentry"],"acf":[],"aioseo_notices":[],"_links":{"self":[{"href":"https:\/\/www.ogeborg.se\/en\/wp-json\/wp\/v2\/pages\/31894","targetHints":{"allow":["GET"]}}],"collection":[{"href":"https:\/\/www.ogeborg.se\/en\/wp-json\/wp\/v2\/pages"}],"about":[{"href":"https:\/\/www.ogeborg.se\/en\/wp-json\/wp\/v2\/types\/page"}],"author":[{"embeddable":true,"href":"https:\/\/www.ogeborg.se\/en\/wp-json\/wp\/v2\/users\/10"}],"replies":[{"embeddable":true,"href":"https:\/\/www.ogeborg.se\/en\/wp-json\/wp\/v2\/comments?post=31894"}],"version-history":[{"count":0,"href":"https:\/\/www.ogeborg.se\/en\/wp-json\/wp\/v2\/pages\/31894\/revisions"}],"wp:attachment":[{"href":"https:\/\/www.ogeborg.se\/en\/wp-json\/wp\/v2\/media?parent=31894"}],"curies":[{"name":"wp","href":"https:\/\/api.w.org\/{rel}","templated":true}]}}